{"id":654,"date":"2026-04-29T10:57:48","date_gmt":"2026-04-29T08:57:48","guid":{"rendered":"https:\/\/ardr.fr\/?page_id=654"},"modified":"2026-04-29T10:57:49","modified_gmt":"2026-04-29T08:57:49","slug":"repas","status":"publish","type":"page","link":"https:\/\/ardr.fr\/index.php\/repas\/","title":{"rendered":"REPAS"},"content":{"rendered":"\n<p>Nous vous proposons de nous retrouver, au restaurant \u00ab&nbsp;Maison Grand Large&nbsp;\u00bb situ\u00e9 60 rue Francisco Ferrer \u2013 69150 DECINES-CHARPIEU.<\/p>\n\n\n\n<figure class=\"wp-block-image size-full\"><img loading=\"lazy\" decoding=\"async\" width=\"244\" height=\"175\" src=\"https:\/\/ardr.fr\/wp-content\/uploads\/2026\/04\/MsonGrdLarge.jpg\" alt=\"\" class=\"wp-image-655\"\/><\/figure>\n\n\n\n<p><strong>JEUDI 18 JUIN 2026 \u00e0 12h&nbsp;30<\/strong><\/p>\n\n\n\n<p>Vous aurez la possibilit\u00e9 de choisir le menu dans les propositions suivantes\u00a0:<\/p>\n\n\n\n<p>&#8211; Ap\u00e9ritif \u2013 kir \u00e0 la fraise des bois o\u00f9 jus de fruit accompagn\u00e9 de tapas planche mixte(charcuterie\/fromage) assortiment feuillet\u00e9s et petite friture.<\/p>\n\n\n\n<p><strong>Menu&nbsp;:<\/strong><\/p>\n\n\n\n<p>&#8211; Buffet de hors d\u2019\u0153uvre <strong>ou<\/strong> lasagne maison saumon basilic <strong>ou<\/strong> plat du jour.<\/p>\n\n\n\n<p>&#8211; Assiette gourmande avec sa boule de glace artisanale vanille bourbon.<\/p>\n\n\n\n<p>&#8211; Boisson&nbsp;: 1 pot de vin pour 4 personnes \u2013 caf\u00e9 o\u00f9 th\u00e9.<\/p>\n\n\n\n<p>Prix par personne&nbsp;: Adh\u00e9rent ARDR&nbsp;: 28,00\u20ac<\/p>\n\n\n\n<p>Conjoints ou invit\u00e9s&nbsp;: 39,00\u20ac<\/p>\n\n\n\n<p>Le r\u00e8glement s\u2019effectue par ch\u00e8que \u00e0 l\u2019ordre de l\u2019ARDR.<\/p>\n\n\n\n<p><strong>LA DATE LIMITE DES INSCRIPTIONS EST 1 JUIN 2026<\/strong><\/p>\n\n\n\n<div class=\"wp-block-file\"><a id=\"wp-block-file--media-629b05fe-6fdb-4791-8751-a2647f27ae1d\" href=\"https:\/\/ardr.fr\/wp-content\/uploads\/2026\/04\/Bul.inscrip.RepasGrdLarge.docx\">Buletin inscription.RepasGrdLarge<\/a><a href=\"https:\/\/ardr.fr\/wp-content\/uploads\/2026\/04\/Bul.inscrip.RepasGrdLarge.docx\" class=\"wp-block-file__button wp-element-button\" download aria-describedby=\"wp-block-file--media-629b05fe-6fdb-4791-8751-a2647f27ae1d\">T\u00e9l\u00e9charger<\/a><\/div>\n\n\n\n<p><\/p>\n","protected":false},"excerpt":{"rendered":"<p>Nous vous proposons de nous retrouver, au restaurant \u00ab&nbsp;Maison Grand Large&nbsp;\u00bb situ\u00e9 60 rue Francisco Ferrer \u2013 69150 DECINES-CHARPIEU. JEUDI 18 JUIN 2026 \u00e0 12h&nbsp;30 &hellip;<\/p>\n","protected":false},"author":1,"featured_media":0,"parent":0,"menu_order":0,"comment_status":"closed","ping_status":"closed","template":"","meta":{"footnotes":""},"class_list":["post-654","page","type-page","status-publish","hentry"],"_links":{"self":[{"href":"https:\/\/ardr.fr\/index.php\/wp-json\/wp\/v2\/pages\/654","targetHints":{"allow":["GET"]}}],"collection":[{"href":"https:\/\/ardr.fr\/index.php\/wp-json\/wp\/v2\/pages"}],"about":[{"href":"https:\/\/ardr.fr\/index.php\/wp-json\/wp\/v2\/types\/page"}],"author":[{"embeddable":true,"href":"https:\/\/ardr.fr\/index.php\/wp-json\/wp\/v2\/users\/1"}],"replies":[{"embeddable":true,"href":"https:\/\/ardr.fr\/index.php\/wp-json\/wp\/v2\/comments?post=654"}],"version-history":[{"count":1,"href":"https:\/\/ardr.fr\/index.php\/wp-json\/wp\/v2\/pages\/654\/revisions"}],"predecessor-version":[{"id":657,"href":"https:\/\/ardr.fr\/index.php\/wp-json\/wp\/v2\/pages\/654\/revisions\/657"}],"wp:attachment":[{"href":"https:\/\/ardr.fr\/index.php\/wp-json\/wp\/v2\/media?parent=654"}],"curies":[{"name":"wp","href":"https:\/\/api.w.org\/{rel}","templated":true}]}}