{"id":639,"date":"2026-04-14T15:17:11","date_gmt":"2026-04-14T13:17:11","guid":{"rendered":"https:\/\/ardr.fr\/?page_id=639"},"modified":"2026-04-14T15:21:36","modified_gmt":"2026-04-14T13:21:36","slug":"sortie","status":"publish","type":"page","link":"https:\/\/ardr.fr\/index.php\/sortie\/","title":{"rendered":"SORTIE"},"content":{"rendered":"\n<h2 class=\"wp-block-heading\"><strong>Sortie <\/strong><strong>St Antoine l\u2019Abbaye mardi <\/strong><strong>2 <\/strong><strong>juin 202<\/strong><strong>6 \u2013 avec l\u2019A.R.T.S.<\/strong><\/h2>\n\n\n\n<figure class=\"wp-block-image size-full\"><img loading=\"lazy\" decoding=\"async\" width=\"900\" height=\"506\" src=\"https:\/\/ardr.fr\/wp-content\/uploads\/2026\/04\/image.png\" alt=\"\" class=\"wp-image-640\" srcset=\"https:\/\/ardr.fr\/wp-content\/uploads\/2026\/04\/image.png 900w, https:\/\/ardr.fr\/wp-content\/uploads\/2026\/04\/image-300x169.png 300w, https:\/\/ardr.fr\/wp-content\/uploads\/2026\/04\/image-768x432.png 768w, https:\/\/ardr.fr\/wp-content\/uploads\/2026\/04\/image-421x237.png 421w\" sizes=\"auto, (max-width: 900px) 100vw, 900px\" \/><\/figure>\n\n\n\n<p>D\u00e9part de Lyon en cars de la St\u00e9 Migratour\u2013 Gare routi\u00e8re de la Part-Dieu \u2013 c\u00f4t\u00e9 Vilette <strong>\u00e0 <\/strong><strong>8<\/strong><strong>h<\/strong> en direction de la S\u00f4ne dans l\u2019Is\u00e8re.<\/p>\n\n\n\n<p>10h10 &#8211; 11h25- Visite du jardin des Fontaines p\u00e9trifiantes dont 30mn guid\u00e9es.<\/p>\n\n\n\n<p>11h30 \u2013 D\u00e9part avec notre car pour Saint Antoine l\u2019Abbaye.<\/p>\n\n\n\n<p>12h \u2013 12h30 \u2013 Repas au restaurant \u00ab&nbsp;La Table de l\u2019Abbaye&nbsp;\u00bb &#8211; 234 grande cour \u00e0 St Antoine l\u2019Abbaye.<\/p>\n\n\n\n<p><strong>Menu<\/strong>&nbsp;: Ap\u00e9ritif, un kir \u2013 Salade gourmande du Vercors \u2013 Supr\u00eame de volaille vall\u00e9e d\u2019Auge, pommes paillasson \u2013 Nougat glac\u00e9 aux amandes.<\/p>\n\n\n\n<p><strong>Boisson&nbsp;<\/strong>: 1 pichet de vin pour 4 personnes \u2013 caf\u00e9.<\/p>\n\n\n\n<p>15h &#8211; Apr\u00e8s cette pose, circuit d\u00e9couverte de St Antoine l\u2019Abbaye class\u00e9 parmi les plus beaux villages de France. Visite de son \u00e9glise et de son tr\u00e9sor. Pour ce dernier, la visite se fera en deux temps par groupe de la moiti\u00e9 des participants. Dur\u00e9e 2h30.<\/p>\n\n\n\n<p>17h45 \u2013 retour sur Lyon pour une arriv\u00e9e au environs de 20h.<\/p>\n\n\n\n<p>Montant par personne 71\u20ac. Ce prix comprends le transport les visites guid\u00e9es et le restaurant.<\/p>\n\n\n\n<div data-wp-interactive=\"core\/file\" class=\"wp-block-file\"><object data-wp-bind--hidden=\"!state.hasPdfPreview\" hidden class=\"wp-block-file__embed\" data=\"https:\/\/ardr.fr\/wp-content\/uploads\/2026\/04\/Bul-inscript-St-Antoine.pdf\" type=\"application\/pdf\" style=\"width:100%;height:600px\" aria-label=\"Contenu embarqu\u00e9 Bul-inscript-St Antoine.\"><\/object><a id=\"wp-block-file--media-fd001346-f625-40ca-96c7-cb8a556bd757\" href=\"https:\/\/ardr.fr\/wp-content\/uploads\/2026\/04\/Bul-inscript-St-Antoine.pdf\">Bul-inscript-St Antoine<\/a><a href=\"https:\/\/ardr.fr\/wp-content\/uploads\/2026\/04\/Bul-inscript-St-Antoine.pdf\" class=\"wp-block-file__button wp-element-button\" download aria-describedby=\"wp-block-file--media-fd001346-f625-40ca-96c7-cb8a556bd757\">T\u00e9l\u00e9charger<\/a><\/div>\n","protected":false},"excerpt":{"rendered":"<p>Sortie St Antoine l\u2019Abbaye mardi 2 juin 2026 \u2013 avec l\u2019A.R.T.S. D\u00e9part de Lyon en cars de la St\u00e9 Migratour\u2013 Gare routi\u00e8re de la Part-Dieu &hellip;<\/p>\n","protected":false},"author":1,"featured_media":0,"parent":0,"menu_order":0,"comment_status":"closed","ping_status":"closed","template":"","meta":{"footnotes":""},"class_list":["post-639","page","type-page","status-publish","hentry"],"_links":{"self":[{"href":"https:\/\/ardr.fr\/index.php\/wp-json\/wp\/v2\/pages\/639","targetHints":{"allow":["GET"]}}],"collection":[{"href":"https:\/\/ardr.fr\/index.php\/wp-json\/wp\/v2\/pages"}],"about":[{"href":"https:\/\/ardr.fr\/index.php\/wp-json\/wp\/v2\/types\/page"}],"author":[{"embeddable":true,"href":"https:\/\/ardr.fr\/index.php\/wp-json\/wp\/v2\/users\/1"}],"replies":[{"embeddable":true,"href":"https:\/\/ardr.fr\/index.php\/wp-json\/wp\/v2\/comments?post=639"}],"version-history":[{"count":3,"href":"https:\/\/ardr.fr\/index.php\/wp-json\/wp\/v2\/pages\/639\/revisions"}],"predecessor-version":[{"id":645,"href":"https:\/\/ardr.fr\/index.php\/wp-json\/wp\/v2\/pages\/639\/revisions\/645"}],"wp:attachment":[{"href":"https:\/\/ardr.fr\/index.php\/wp-json\/wp\/v2\/media?parent=639"}],"curies":[{"name":"wp","href":"https:\/\/api.w.org\/{rel}","templated":true}]}}