{"id":339,"date":"2024-12-17T16:49:00","date_gmt":"2024-12-17T15:49:00","guid":{"rendered":"https:\/\/ardr.fr\/?page_id=339"},"modified":"2026-03-21T17:25:53","modified_gmt":"2026-03-21T16:25:53","slug":"assemblee-generale","status":"publish","type":"page","link":"https:\/\/ardr.fr\/index.php\/assemblee-generale\/","title":{"rendered":"assembl\u00e9e g\u00e9n\u00e9rale"},"content":{"rendered":"\n<h2 class=\"wp-block-heading\">Assembl\u00e9e g\u00e9n\u00e9rale<\/h2>\n\n\n\n<p><br><strong>ASSEMBL\u00c9E G\u00c9N\u00c9RALE <\/strong> &#8211; <strong>MERCREDI 22 AVRIL 2026 \u00e0 14h30<\/strong> &#8211; <strong>142, Avenue Mar\u00e9chal de Saxe 69003 LYON<\/strong>  &#8211; <strong>Acc\u00e8s de l\u2019immeuble par interphone\u00a0: D\u00e9partement du Rh\u00f4ne<\/strong> &#8211; <strong>Premier \u00e9tage<\/strong><\/p>\n\n\n\n<p>ORDRE DU JOUR&nbsp;:<\/p>\n\n\n\n<ul class=\"wp-block-list\">\n<li>Bilan des activit\u00e9s 2025<\/li>\n\n\n\n<li>Rapport financier<\/li>\n<\/ul>\n\n\n\n<p>Chaque adh\u00e9rent \u00e0 droit \u00e0 trois pouvoirs. Merci de ne pas d\u00e9signer de personne, les pouvoirs seront r\u00e9partis entre les adh\u00e9rents pr\u00e9sents le jour m\u00eame.<\/p>\n\n\n\n<p>A l\u2019issue de cette assembl\u00e9e, le pot de l\u2019amiti\u00e9 vous sera offert.<\/p>\n\n\n\n<p>MERCI DE CONFIRMER VOTRE PR\u00c9SENCE <strong>avant le 18 avril<\/strong> \u00e0 l\u2019adresse suivante&nbsp;: <a href=\"mailto:ardr@rhone.fr\">ardr@rhone.fr<\/a><\/p>\n\n\n\n<div data-wp-interactive=\"core\/file\" class=\"wp-block-file\"><object data-wp-bind--hidden=\"!state.hasPdfPreview\" hidden class=\"wp-block-file__embed\" data=\"https:\/\/ardr.fr\/wp-content\/uploads\/2026\/03\/ConvocationAG26.pdf\" type=\"application\/pdf\" style=\"width:100%;height:600px\" aria-label=\"Contenu embarqu\u00e9 ConvocationAG26.\"><\/object><a id=\"wp-block-file--media-438940e6-103a-44fa-a23f-484c224b371e\" href=\"https:\/\/ardr.fr\/wp-content\/uploads\/2026\/03\/ConvocationAG26.pdf\">ConvocationAG26<\/a><a href=\"https:\/\/ardr.fr\/wp-content\/uploads\/2026\/03\/ConvocationAG26.pdf\" class=\"wp-block-file__button wp-element-button\" download aria-describedby=\"wp-block-file--media-438940e6-103a-44fa-a23f-484c224b371e\">T\u00e9l\u00e9charger<\/a><\/div>\n\n\n\n<h2 class=\"wp-block-heading\">Assembl\u00e9e g\u00e9n\u00e9rale 2025<\/h2>\n\n\n\n<figure class=\"wp-block-image size-large\"><img loading=\"lazy\" decoding=\"async\" width=\"1024\" height=\"576\" src=\"https:\/\/ardr.fr\/wp-content\/uploads\/2025\/01\/Entree-de-la-TASE-1024x576.jpg\" alt=\"\" class=\"wp-image-391\" srcset=\"https:\/\/ardr.fr\/wp-content\/uploads\/2025\/01\/Entree-de-la-TASE-1024x576.jpg 1024w, https:\/\/ardr.fr\/wp-content\/uploads\/2025\/01\/Entree-de-la-TASE-300x169.jpg 300w, https:\/\/ardr.fr\/wp-content\/uploads\/2025\/01\/Entree-de-la-TASE-768x432.jpg 768w, https:\/\/ardr.fr\/wp-content\/uploads\/2025\/01\/Entree-de-la-TASE-1536x864.jpg 1536w, https:\/\/ardr.fr\/wp-content\/uploads\/2025\/01\/Entree-de-la-TASE-2048x1152.jpg 2048w, https:\/\/ardr.fr\/wp-content\/uploads\/2025\/01\/Entree-de-la-TASE-421x237.jpg 421w\" sizes=\"auto, (max-width: 1024px) 100vw, 1024px\" \/><\/figure>\n\n\n\n<h2 class=\"wp-block-heading\"><strong>Assembl\u00e9e g\u00e9n\u00e9rale du mercredi 9 avril 2025 <\/strong><\/h2>\n\n\n\n<p>L\u2019Assembl\u00e9e g\u00e9n\u00e9rale d\u00e9bute \u00e0 10h30.<\/p>\n\n\n\n<p>Pr\u00e9sentation des membres du bureau et des administrateurs. Lecture du rapport moral de l\u2019ann\u00e9e 2024 par la pr\u00e9sidente, Jeanine COLLIN.<\/p>\n\n\n\n<p>Sont \u00e9num\u00e9r\u00e9s les actions qui ont \u00e9t\u00e9 r\u00e9alis\u00e9es en cours d\u2019ann\u00e9e. Brigitte SALEL, Tr\u00e9sori\u00e8re fait le point sur la situation financi\u00e8re de l\u2019association. Concernant les charges. Se r\u00e9f\u00e9rer au tableau \u00ab&nbsp;compte de r\u00e9sultat 2024\u00bb. Le total des charges a \u00e9t\u00e9 de 10 548,82\u20ac. Total des produits, montant des recettes est de 9 688,39\u20ac.<\/p>\n\n\n\n<p>Une information est faite concernant l\u2019utilisation de HelloCSE des statistiques sont donn\u00e9es. On constate que le site, bien que consult\u00e9, est tr\u00e8s peu utilis\u00e9 par nos adh\u00e9rents. Une discussion s\u2019engage sur le maintient ou non de l\u2019adh\u00e9sion \u00e0 la plateforme HelloCSE. Son co\u00fbt annuel est de 804,96\u20ac. A la suite de cet \u00e9change, un vote est effectu\u00e9 et l\u2019arr\u00eat de la prestation est demand\u00e9 par l\u2019ensemble des adh\u00e9rents. Elle ne pourra intervenir qu\u2019en f\u00e9vrier 2026 en fonction de la date d\u2019adh\u00e9sion \u00e0 la plateforme.<\/p>\n\n\n\n<p>Discussion ouverte sur l\u2019organisation et la mise en place des sorties \u00e0 la journ\u00e9e. Le nombre restreint d\u2019inscription nous fait annuler la sortie pr\u00e9vue le 4 juin 2025. Une adh\u00e9rente propose d\u2019envisager soit les transports par quo-voiturage, soit par les services publics. Ces propositions seront \u00e9tudi\u00e9es en prochain Conseil d\u2019administration et en fonction de la destination choisie;<\/p>\n\n\n\n<p>Renouvellement des membres du Conseil d\u2019administration.&nbsp;Les listes ayant \u00e9t\u00e9 distribu\u00e9es, le comptage est le suivant&nbsp;: 44 personnes se sont exprim\u00e9es et 23 pouvoirs sont comptabilis\u00e9s. 67 votes pour la liste pr\u00e9sent\u00e9e. Sont \u00e9lus&nbsp;: <\/p>\n\n\n\n<p>Lise BOUVERET \u2013 Jeanine COLLIN \u2013 Jos\u00e9e FAYARD \u2013 Jacky JOSSERAND \u2013 Daniel LACHENAL \u2013 Raymonde LOUIS \u2013 Brigitte SALEL.<\/p>\n\n\n\n<p>La composition du bureau sera effectu\u00e9e lors du prochain Conseil d\u2019administration le 14 mai 2025.<\/p>\n\n\n\n<p>Vote de l\u2019assembl\u00e9e sur les deux rapports&nbsp;: Rapport moral&nbsp;: accept\u00e9 \u00e0 l\u2019unanimit\u00e9. Rapport financier&nbsp;: accept\u00e9 par 66 voies et 1 abstention.<\/p>\n\n\n\n<p>Fin de l\u2019assembl\u00e9e \u2013 12 heures 30. <\/p>\n\n\n\n<p>Photos r\u00e9alis\u00e9es par Jo\u00eblle Deplace<\/p>\n\n\n\n<figure class=\"wp-block-image size-large\"><img loading=\"lazy\" decoding=\"async\" width=\"768\" height=\"1024\" src=\"https:\/\/ardr.fr\/wp-content\/uploads\/2025\/04\/AG1-768x1024.jpeg\" alt=\"\" class=\"wp-image-486\" srcset=\"https:\/\/ardr.fr\/wp-content\/uploads\/2025\/04\/AG1-768x1024.jpeg 768w, https:\/\/ardr.fr\/wp-content\/uploads\/2025\/04\/AG1-225x300.jpeg 225w, https:\/\/ardr.fr\/wp-content\/uploads\/2025\/04\/AG1-1152x1536.jpeg 1152w, https:\/\/ardr.fr\/wp-content\/uploads\/2025\/04\/AG1.jpeg 1536w\" sizes=\"auto, (max-width: 768px) 100vw, 768px\" \/><\/figure>\n\n\n\n<p>Repas pris en terrasse \u00e0 \u00ab\u00a0La Boule en Soie\u00a0\u00bb avant de poursuivre par la visite comment\u00e9e de l&rsquo;ancienne usine TASE<\/p>\n\n\n\n<figure class=\"wp-block-image size-large is-resized\"><img loading=\"lazy\" decoding=\"async\" width=\"768\" height=\"1024\" src=\"https:\/\/ardr.fr\/wp-content\/uploads\/2025\/04\/AG4-768x1024.jpeg\" alt=\"\" class=\"wp-image-487\" style=\"width:920px;height:auto\" srcset=\"https:\/\/ardr.fr\/wp-content\/uploads\/2025\/04\/AG4-768x1024.jpeg 768w, https:\/\/ardr.fr\/wp-content\/uploads\/2025\/04\/AG4-225x300.jpeg 225w, https:\/\/ardr.fr\/wp-content\/uploads\/2025\/04\/AG4-1152x1536.jpeg 1152w, https:\/\/ardr.fr\/wp-content\/uploads\/2025\/04\/AG4.jpeg 1500w\" sizes=\"auto, (max-width: 768px) 100vw, 768px\" \/><\/figure>\n\n\n\n<figure class=\"wp-block-image size-large\"><img loading=\"lazy\" decoding=\"async\" width=\"768\" height=\"1024\" src=\"https:\/\/ardr.fr\/wp-content\/uploads\/2025\/04\/AG5-768x1024.jpeg\" alt=\"\" class=\"wp-image-488\" srcset=\"https:\/\/ardr.fr\/wp-content\/uploads\/2025\/04\/AG5-768x1024.jpeg 768w, https:\/\/ardr.fr\/wp-content\/uploads\/2025\/04\/AG5-225x300.jpeg 225w, https:\/\/ardr.fr\/wp-content\/uploads\/2025\/04\/AG5-1152x1536.jpeg 1152w, https:\/\/ardr.fr\/wp-content\/uploads\/2025\/04\/AG5.jpeg 1500w\" sizes=\"auto, (max-width: 768px) 100vw, 768px\" \/><\/figure>\n\n\n\n<figure class=\"wp-block-image size-large\"><img loading=\"lazy\" decoding=\"async\" width=\"768\" height=\"1024\" src=\"https:\/\/ardr.fr\/wp-content\/uploads\/2025\/04\/AG6-768x1024.jpeg\" alt=\"\" class=\"wp-image-489\" srcset=\"https:\/\/ardr.fr\/wp-content\/uploads\/2025\/04\/AG6-768x1024.jpeg 768w, https:\/\/ardr.fr\/wp-content\/uploads\/2025\/04\/AG6-225x300.jpeg 225w, https:\/\/ardr.fr\/wp-content\/uploads\/2025\/04\/AG6-1152x1536.jpeg 1152w, https:\/\/ardr.fr\/wp-content\/uploads\/2025\/04\/AG6.jpeg 1500w\" sizes=\"auto, (max-width: 768px) 100vw, 768px\" \/><\/figure>\n\n\n\n<figure class=\"wp-block-image size-large\"><img loading=\"lazy\" decoding=\"async\" width=\"768\" height=\"1024\" src=\"https:\/\/ardr.fr\/wp-content\/uploads\/2025\/04\/AG3-768x1024.jpeg\" alt=\"\" class=\"wp-image-490\" srcset=\"https:\/\/ardr.fr\/wp-content\/uploads\/2025\/04\/AG3-768x1024.jpeg 768w, https:\/\/ardr.fr\/wp-content\/uploads\/2025\/04\/AG3-225x300.jpeg 225w, https:\/\/ardr.fr\/wp-content\/uploads\/2025\/04\/AG3-1152x1536.jpeg 1152w, https:\/\/ardr.fr\/wp-content\/uploads\/2025\/04\/AG3.jpeg 1500w\" sizes=\"auto, (max-width: 768px) 100vw, 768px\" \/><\/figure>\n\n\n\n<figure class=\"wp-block-image size-large\"><img loading=\"lazy\" decoding=\"async\" width=\"768\" height=\"1024\" src=\"https:\/\/ardr.fr\/wp-content\/uploads\/2025\/04\/AG7-768x1024.jpeg\" alt=\"\" class=\"wp-image-491\" srcset=\"https:\/\/ardr.fr\/wp-content\/uploads\/2025\/04\/AG7-768x1024.jpeg 768w, https:\/\/ardr.fr\/wp-content\/uploads\/2025\/04\/AG7-225x300.jpeg 225w, https:\/\/ardr.fr\/wp-content\/uploads\/2025\/04\/AG7-1152x1536.jpeg 1152w, https:\/\/ardr.fr\/wp-content\/uploads\/2025\/04\/AG7.jpeg 1500w\" sizes=\"auto, (max-width: 768px) 100vw, 768px\" \/><\/figure>\n\n\n\n<figure class=\"wp-block-image size-large\"><img loading=\"lazy\" decoding=\"async\" width=\"768\" height=\"1024\" src=\"https:\/\/ardr.fr\/wp-content\/uploads\/2025\/04\/AG8-768x1024.jpeg\" alt=\"\" class=\"wp-image-492\" srcset=\"https:\/\/ardr.fr\/wp-content\/uploads\/2025\/04\/AG8-768x1024.jpeg 768w, https:\/\/ardr.fr\/wp-content\/uploads\/2025\/04\/AG8-225x300.jpeg 225w, https:\/\/ardr.fr\/wp-content\/uploads\/2025\/04\/AG8-1152x1536.jpeg 1152w, https:\/\/ardr.fr\/wp-content\/uploads\/2025\/04\/AG8.jpeg 1500w\" sizes=\"auto, (max-width: 768px) 100vw, 768px\" \/><\/figure>\n\n\n\n<figure class=\"wp-block-image size-large\"><img loading=\"lazy\" decoding=\"async\" width=\"768\" height=\"1024\" src=\"https:\/\/ardr.fr\/wp-content\/uploads\/2025\/04\/AG2-768x1024.jpeg\" alt=\"\" class=\"wp-image-493\" srcset=\"https:\/\/ardr.fr\/wp-content\/uploads\/2025\/04\/AG2-768x1024.jpeg 768w, https:\/\/ardr.fr\/wp-content\/uploads\/2025\/04\/AG2-225x300.jpeg 225w, https:\/\/ardr.fr\/wp-content\/uploads\/2025\/04\/AG2-1152x1536.jpeg 1152w, https:\/\/ardr.fr\/wp-content\/uploads\/2025\/04\/AG2.jpeg 1500w\" sizes=\"auto, (max-width: 768px) 100vw, 768px\" \/><\/figure>\n\n\n\n<h1 class=\"wp-block-heading\">Assembl\u00e9e g\u00e9n\u00e9rale 2023<\/h1>\n\n\n\n<p id=\"block-c991fc7a-a965-4c05-991e-0c94cda5a96d\">Pr\u00e9sentation des membres du bureau et des administrateurs.<\/p>\n\n\n\n<p id=\"block-722e3a27-18cb-4317-937a-9a59d71f1633\">Lecture du rapport moral de l\u2019ann\u00e9e 2022 par la pr\u00e9sidente, Jeanine COLLIN.<\/p>\n\n\n\n<p id=\"block-e713322d-5a32-487b-8ff6-59147cd2b1c8\">Sont \u00e9num\u00e9r\u00e9s les actions qui ont \u00e9t\u00e9 r\u00e9alis\u00e9es en cours d\u2019ann\u00e9e.<\/p>\n\n\n\n<p id=\"block-878d5dc8-71b9-4669-a2c9-7c4993bd18e5\">Brigitte SALEL, Tr\u00e9sori\u00e8re fait le point sur la situation financi\u00e8re de l\u2019association.<\/p>\n\n\n\n<p id=\"block-3dababe2-3239-48d1-af52-489fe202e506\">Concernant les charges. Se r\u00e9f\u00e9rer au tableau \u00ab&nbsp;compte de r\u00e9sultat 2022\u00bb.<\/p>\n\n\n\n<p id=\"block-34396e9b-13c0-47e2-829a-312161f065d2\">Le total des charges a \u00e9t\u00e9 de 5 512,31\u20ac.<\/p>\n\n\n\n<p id=\"block-74a2a55c-bf13-492c-8c7c-43ffb2bc92db\">Concernant les produits, le d\u00e9tail est sur le m\u00eame tableau. Le montant total des recettes est de 6 346,61\u20ac.<\/p>\n\n\n\n<p id=\"block-f4fde0b9-3ebf-47a2-abf9-5ed3cb163815\">La demande d\u2019augmentation de la cotisation annuelle est demand\u00e9e pour un passage \u00e0 15\u20ac en 2024.<\/p>\n\n\n\n<p id=\"block-e5324ec5-e38b-4035-a7b4-31aca20af3c0\">Projets pour 2023 :<\/p>\n\n\n\n<p id=\"block-6b0a21fd-b214-4851-8b00-9a99b102d514\">Mise en place et r\u00e9alisation d\u2019une sortie \u00e0 la journ\u00e9e dans le Beaujolais courant avril 2023.<\/p>\n\n\n\n<p id=\"block-b92d81b5-5ca6-4310-8050-24a5022fa23c\">Vote de l\u2019assembl\u00e9e sur les deux rapports et la cotisation annuelle&nbsp;:<\/p>\n\n\n\n<p id=\"block-86b8c2ba-9d47-403f-89c2-f4afabe2b8b4\">Rapport moral&nbsp;: accept\u00e9 \u00e0 l\u2019unanimit\u00e9.<\/p>\n\n\n\n<p id=\"block-b3ddbd9c-50bc-4378-9673-223cd0322865\">Rapport financier&nbsp;: accept\u00e9 \u00e0 l\u2019unanimit\u00e9.<\/p>\n\n\n\n<p id=\"block-dc612407-b29d-4d8b-898a-0c0650a612da\">Augmentation de la cotisation \u00e0 15\u20ac&nbsp;: accept\u00e9 \u00e0 l\u2019unanimit\u00e9.<\/p>\n\n\n\n<p id=\"block-837f60af-ecef-4181-835f-858c63338f42\">Poursuite des \u00e9changes autour du pot.<\/p>\n","protected":false},"excerpt":{"rendered":"<p>Assembl\u00e9e g\u00e9n\u00e9rale ASSEMBL\u00c9E G\u00c9N\u00c9RALE &#8211; MERCREDI 22 AVRIL 2026 \u00e0 14h30 &#8211; 142, Avenue Mar\u00e9chal de Saxe 69003 LYON &#8211; Acc\u00e8s de l\u2019immeuble par interphone\u00a0: &hellip;<\/p>\n","protected":false},"author":1,"featured_media":0,"parent":0,"menu_order":0,"comment_status":"closed","ping_status":"closed","template":"","meta":{"footnotes":""},"class_list":["post-339","page","type-page","status-publish","hentry"],"_links":{"self":[{"href":"https:\/\/ardr.fr\/index.php\/wp-json\/wp\/v2\/pages\/339","targetHints":{"allow":["GET"]}}],"collection":[{"href":"https:\/\/ardr.fr\/index.php\/wp-json\/wp\/v2\/pages"}],"about":[{"href":"https:\/\/ardr.fr\/index.php\/wp-json\/wp\/v2\/types\/page"}],"author":[{"embeddable":true,"href":"https:\/\/ardr.fr\/index.php\/wp-json\/wp\/v2\/users\/1"}],"replies":[{"embeddable":true,"href":"https:\/\/ardr.fr\/index.php\/wp-json\/wp\/v2\/comments?post=339"}],"version-history":[{"count":10,"href":"https:\/\/ardr.fr\/index.php\/wp-json\/wp\/v2\/pages\/339\/revisions"}],"predecessor-version":[{"id":629,"href":"https:\/\/ardr.fr\/index.php\/wp-json\/wp\/v2\/pages\/339\/revisions\/629"}],"wp:attachment":[{"href":"https:\/\/ardr.fr\/index.php\/wp-json\/wp\/v2\/media?parent=339"}],"curies":[{"name":"wp","href":"https:\/\/api.w.org\/{rel}","templated":true}]}}