{"id":233,"date":"2024-06-02T16:08:07","date_gmt":"2024-06-02T14:08:07","guid":{"rendered":"http:\/\/ardr.fr\/?page_id=233"},"modified":"2025-07-01T14:51:30","modified_gmt":"2025-07-01T12:51:30","slug":"qui-sommes-nous","status":"publish","type":"page","link":"https:\/\/ardr.fr\/index.php\/qui-sommes-nous\/","title":{"rendered":"Qui sommes nous ?"},"content":{"rendered":"\n<p>AMICALE DES RETRAITES DU D\u00c9PARTEMENT DU RH\u00d4NE (A.R.D.R)<\/p>\n\n\n\n<p>Elle a pour objet de maintenir, renforcer et favoriser les liens entre les retrait\u00e9s du Conseil G\u00e9n\u00e9ral du Rh\u00f4ne et du Conseil D\u00e9partemental du Rh\u00f4ne, de d\u00e9velopper des activit\u00e9s culturelles et sportives en faveur de ses<br>adh\u00e9rents en collaboration avec le Service Vie Interne du Conseil D\u00e9partemental du Rh\u00f4ne, veiller \u00e0 d\u00e9fendre les int\u00e9r\u00eats de ses adh\u00e9rents afin de r\u00e9aliser ses objectifs, elle pourra aussi d\u00e9velopper toute activit\u00e9 dans l&rsquo;int\u00e9r\u00eat de ses adh\u00e9rents.<\/p>\n\n\n\n<p>L\u2019Amicale des Retrait\u00e9s du D\u00e9partement du Rh\u00f4ne (A.R.D.R.) \u00e0 son si\u00e8ge social \u00e0 l\u2019H\u00f4tel du D\u00e9partement&nbsp;:<\/p>\n\n\n\n<p>29-31 Cours de la Libert\u00e9 \u2013 69483 LYON CEDEX 03<\/p>\n\n\n\n<p>Elle dispose d&rsquo;un bureau situ\u00e9 au 142, Avenue Mar\u00e9chal de Saxe &#8211; Lyon 3\u00b0 &#8211; elle ne dispose pas de t\u00e9l\u00e9phone et communique uniquement par l\u2019interm\u00e9diaire de la messagerie. (ardr@rhone.fr)<\/p>\n\n\n\n<p>L\u2019Amicale est compos\u00e9e uniquement d\u2019anciens agents du D\u00e9partement du Rh\u00f4ne ou du Conseil G\u00e9n\u00e9ral retrait\u00e9s de l\u2019un ou l\u2019autre de ces services.<\/p>\n\n\n\n<p>L\u2019adh\u00e9sion se fait \u00e0 partir du versement d\u2019une cotisation annuelle dont le montant est fix\u00e9 par le bureau, valid\u00e9e en Assembl\u00e9e g\u00e9n\u00e9rale.<\/p>\n\n\n\n<p>Le Conseil d\u2019Administration est compos\u00e9 de six personnes, le bureau de quatre. Chaque ann\u00e9e en mars a lieu l\u2019Assembl\u00e9e g\u00e9n\u00e9rale qui statue sur les comptes et le programme d\u2019activit\u00e9 qui a \u00e9t\u00e9 propos\u00e9. (Les suggestions de chaque membre sont les bien venues).<\/p>\n\n\n\n<p>Le budget annuel est aliment\u00e9 par les cotisations des adh\u00e9rents.<\/p>\n\n\n\n<p>L\u2019Amicale vous propose des rencontres conviviales avec un repas annuel, un \u00e9change gourmand en cl\u00f4ture de l\u2019assembl\u00e9e g\u00e9n\u00e9rale.<\/p>\n\n\n\n<p>Des activit\u00e9s culturelles ponctuelles, visites guid\u00e9es d\u2019expositions, de lieux embl\u00e9matiques de Lyon et autres.<\/p>\n\n\n\n<p>Des sorties \u00e0 la journ\u00e9e.<\/p>\n\n\n\n<p>Des achats de places de spectacles, parcs, expositions, cin\u00e9ma \u00e0 prix CE, s\u00e9jours de vacances, achats dans de nombreuses enseignes, par l\u2019interm\u00e9diaire de notre prestataire HelloCSE.<\/p>\n\n\n\n<h2 class=\"wp-block-heading\">Composition du Conseil d&rsquo;Administration<\/h2>\n\n\n\n<p>L\u2019association fonctionne avec 6 b\u00e9n\u00e9voles : Jeanine COLLIN, Pr\u00e9sidente, Jacky JOSSERAND, Vice-pr\u00e9sident, Brigitte SALEL, Tr\u00e9sori\u00e8re, Lise BOUVERET secr\u00e9taire,  Jos\u00e9e FAYARD, Raymonde LOUIS, Daniel LACHENAL, Administrateurs.<\/p>\n\n\n\n<p><strong>Bureau<\/strong> : Jeanine COLLIN, Jacky JOSSERAND, Brigitte SALEL et Lise BOUVERET<\/p>\n\n\n\n<h2 class=\"wp-block-heading\">Statuts de l&rsquo;association<\/h2>\n\n\n\n<div data-wp-interactive=\"core\/file\" class=\"wp-block-file\"><object data-wp-bind--hidden=\"!state.hasPdfPreview\" hidden class=\"wp-block-file__embed\" data=\"https:\/\/ardr.fr\/wp-content\/uploads\/2024\/04\/Statuts.pdf\" type=\"application\/pdf\" style=\"width:100%;height:600px\" aria-label=\"Contenu embarqu\u00e9 Statuts.\"><\/object><a id=\"wp-block-file--media-26a80697-1d80-4eae-9614-65eb057886b8\" href=\"https:\/\/ardr.fr\/wp-content\/uploads\/2024\/04\/Statuts.pdf\">Statuts<\/a><a href=\"https:\/\/ardr.fr\/wp-content\/uploads\/2024\/04\/Statuts.pdf\" class=\"wp-block-file__button wp-element-button\" download aria-describedby=\"wp-block-file--media-26a80697-1d80-4eae-9614-65eb057886b8\">T\u00e9l\u00e9charger<\/a><\/div>\n","protected":false},"excerpt":{"rendered":"<p>AMICALE DES RETRAITES DU D\u00c9PARTEMENT DU RH\u00d4NE (A.R.D.R) Elle a pour objet de maintenir, renforcer et favoriser les liens entre les retrait\u00e9s du Conseil G\u00e9n\u00e9ral &hellip;<\/p>\n","protected":false},"author":1,"featured_media":0,"parent":0,"menu_order":0,"comment_status":"closed","ping_status":"closed","template":"","meta":{"footnotes":""},"class_list":["post-233","page","type-page","status-publish","hentry"],"_links":{"self":[{"href":"https:\/\/ardr.fr\/index.php\/wp-json\/wp\/v2\/pages\/233","targetHints":{"allow":["GET"]}}],"collection":[{"href":"https:\/\/ardr.fr\/index.php\/wp-json\/wp\/v2\/pages"}],"about":[{"href":"https:\/\/ardr.fr\/index.php\/wp-json\/wp\/v2\/types\/page"}],"author":[{"embeddable":true,"href":"https:\/\/ardr.fr\/index.php\/wp-json\/wp\/v2\/users\/1"}],"replies":[{"embeddable":true,"href":"https:\/\/ardr.fr\/index.php\/wp-json\/wp\/v2\/comments?post=233"}],"version-history":[{"count":4,"href":"https:\/\/ardr.fr\/index.php\/wp-json\/wp\/v2\/pages\/233\/revisions"}],"predecessor-version":[{"id":522,"href":"https:\/\/ardr.fr\/index.php\/wp-json\/wp\/v2\/pages\/233\/revisions\/522"}],"wp:attachment":[{"href":"https:\/\/ardr.fr\/index.php\/wp-json\/wp\/v2\/media?parent=233"}],"curies":[{"name":"wp","href":"https:\/\/api.w.org\/{rel}","templated":true}]}}