{"id":231,"date":"2024-06-02T16:06:47","date_gmt":"2024-06-02T14:06:47","guid":{"rendered":"http:\/\/ardr.fr\/?page_id=231"},"modified":"2025-12-05T16:33:11","modified_gmt":"2025-12-05T15:33:11","slug":"adhesion","status":"publish","type":"page","link":"https:\/\/ardr.fr\/index.php\/adhesion\/","title":{"rendered":"Adh\u00e9sion"},"content":{"rendered":"\n<p>Vous \u00eates retrait\u00e9 du D\u00e9partement et \u00e0 ce titre vous continuez de b\u00e9n\u00e9ficier, pendant un an \u00e0 partir de votre mise \u00e0 la retraite, des avantages offerts par le Service Vie Interne.<\/p>\n\n\n\n<p>A l\u2019issue de cette p\u00e9riode, vous pouvez adh\u00e9rer \u00e0 l\u2019Amicale des Retrait\u00e9s du D\u00e9partement du Rh\u00f4ne (A.R.D.R.). Cette association cr\u00e9\u00e9e depuis le 1 janvier 2017 a pour but de maintenir les liens entre les coll\u00e8gues du D\u00e9partement, mais aussi, de vous faire b\u00e9n\u00e9ficier de quelques avantages bien que nous n&rsquo;ayons pas les moyens financiers de la Vie interne.<\/p>\n\n\n\n<p>L\u2019Amicale vous propose des sorties, visites, un repas de fin d&rsquo;ann\u00e9e afin de se retrouver.<\/p>\n\n\n\n<p>L\u2019adh\u00e9sion \u00e0 notre association est de 15\u20ac par ann\u00e9e civile.<\/p>\n\n\n\n<p>L\u2019association est h\u00e9berg\u00e9e au 142 avenue de Saxe \u00e0 Lyon 3\u00b0, mais nous n\u2019avons pas de ligne t\u00e9l\u00e9phonique o\u00f9 nous joindre. Vous pouvez obtenir toute information compl\u00e9mentaire en consultant le site internet (ardr.fr) ou adresser un message \u00e0 l\u2019adresse suivante&nbsp;: <a href=\"mailto:ardr@rhone.fr\">ardr@rhone.fr<\/a><\/p>\n\n\n\n<p>Vous pouvez d\u00e8s \u00e0 pr\u00e9sent compl\u00e9ter le bulletin d\u2019adh\u00e9sion ci-dessous et le le retourner \u00e0&nbsp;:<\/p>\n\n\n\n<p>AMICALE DES RETRAITES DU D\u00c9PARTEMENT DU RH\u00d4NE &#8211; 29-31 Cours de la Libert\u00e9 \u2013 69483 LYON CEDEX 03<\/p>\n\n\n\n<div class=\"wp-block-file\"><a id=\"wp-block-file--media-5b85b2e5-846a-46c5-b9b4-41487548ca1d\" href=\"https:\/\/ardr.fr\/wp-content\/uploads\/2025\/12\/2026BultAdhesion.docx\">2026Buletin.Adh\u00e9sion<\/a><a href=\"https:\/\/ardr.fr\/wp-content\/uploads\/2025\/12\/2026BultAdhesion.docx\" class=\"wp-block-file__button wp-element-button\" download aria-describedby=\"wp-block-file--media-5b85b2e5-846a-46c5-b9b4-41487548ca1d\">T\u00e9l\u00e9charger<\/a><\/div>\n\n\n\n<p><\/p>\n","protected":false},"excerpt":{"rendered":"<p>Vous \u00eates retrait\u00e9 du D\u00e9partement et \u00e0 ce titre vous continuez de b\u00e9n\u00e9ficier, pendant un an \u00e0 partir de votre mise \u00e0 la retraite, des &hellip;<\/p>\n","protected":false},"author":1,"featured_media":0,"parent":0,"menu_order":0,"comment_status":"closed","ping_status":"closed","template":"","meta":{"footnotes":""},"class_list":["post-231","page","type-page","status-publish","hentry"],"_links":{"self":[{"href":"https:\/\/ardr.fr\/index.php\/wp-json\/wp\/v2\/pages\/231","targetHints":{"allow":["GET"]}}],"collection":[{"href":"https:\/\/ardr.fr\/index.php\/wp-json\/wp\/v2\/pages"}],"about":[{"href":"https:\/\/ardr.fr\/index.php\/wp-json\/wp\/v2\/types\/page"}],"author":[{"embeddable":true,"href":"https:\/\/ardr.fr\/index.php\/wp-json\/wp\/v2\/users\/1"}],"replies":[{"embeddable":true,"href":"https:\/\/ardr.fr\/index.php\/wp-json\/wp\/v2\/comments?post=231"}],"version-history":[{"count":5,"href":"https:\/\/ardr.fr\/index.php\/wp-json\/wp\/v2\/pages\/231\/revisions"}],"predecessor-version":[{"id":577,"href":"https:\/\/ardr.fr\/index.php\/wp-json\/wp\/v2\/pages\/231\/revisions\/577"}],"wp:attachment":[{"href":"https:\/\/ardr.fr\/index.php\/wp-json\/wp\/v2\/media?parent=231"}],"curies":[{"name":"wp","href":"https:\/\/api.w.org\/{rel}","templated":true}]}}