{"id":207,"date":"2024-06-02T15:56:14","date_gmt":"2024-06-02T13:56:14","guid":{"rendered":"http:\/\/ardr.fr\/?page_id=207"},"modified":"2025-07-01T15:25:37","modified_gmt":"2025-07-01T13:25:37","slug":"concerts","status":"publish","type":"page","link":"https:\/\/ardr.fr\/index.php\/concerts\/","title":{"rendered":"Concerts"},"content":{"rendered":"\n<h2 class=\"wp-block-heading\">AUDITORIUM &#8211; Orchestre National de Lyon<\/h2>\n\n\n\n<figure class=\"wp-block-image size-large\"><img loading=\"lazy\" decoding=\"async\" width=\"1024\" height=\"577\" src=\"https:\/\/ardr.fr\/wp-content\/uploads\/2025\/07\/Auditorium-Lyon\u00a9Julien-Mignot-1-1024x577.jpg\" alt=\"\" class=\"wp-image-536\" srcset=\"https:\/\/ardr.fr\/wp-content\/uploads\/2025\/07\/Auditorium-Lyon\u00a9Julien-Mignot-1-1024x577.jpg 1024w, https:\/\/ardr.fr\/wp-content\/uploads\/2025\/07\/Auditorium-Lyon\u00a9Julien-Mignot-1-300x169.jpg 300w, https:\/\/ardr.fr\/wp-content\/uploads\/2025\/07\/Auditorium-Lyon\u00a9Julien-Mignot-1-768x433.jpg 768w, https:\/\/ardr.fr\/wp-content\/uploads\/2025\/07\/Auditorium-Lyon\u00a9Julien-Mignot-1-421x237.jpg 421w, https:\/\/ardr.fr\/wp-content\/uploads\/2025\/07\/Auditorium-Lyon\u00a9Julien-Mignot-1.jpg 1260w\" sizes=\"auto, (max-width: 1024px) 100vw, 1024px\" \/><\/figure>\n\n\n\n<p><strong>Nouvelle saison 2025\/2026 &#8211; Pas moins de 170 concerts \u00e0 d\u00e9couvrir pour une saison r\u00e9solument riche et vari\u00e9e destin\u00e9e \u00e0 toutes et tous.<\/strong><\/p>\n\n\n\n<p><strong>Abonnement MIDIS L\u2019AO &#8211; 3 CONCERTS 36 \u20ac<\/strong><\/p>\n\n\n\n<p><strong>Jeudi 9 Oct. 12h30<\/strong> \u2013 Suite HOLBERG \u2013 ONL Violon de direction Jennifer Gilbert<\/p>\n\n\n\n<p><strong>Mercredi 14 janvier &#8211; 12h30 <\/strong>\u2013 Mozart, Kraus ONL Violon de direction Giovanni Radivo<\/p>\n\n\n\n<p><strong>Jeudi 28 mai &#8211; 12h30 <\/strong>\u2013 Orgue et cuivres ONL<\/p>\n\n\n\n<p><strong>Abonnement AFTERWORKS &#8211; 2 CONCERTS 24\u20ac<\/strong><\/p>\n\n\n\n<p><strong>Vendredi 13 Mars \u2013 19h <\/strong>\u2013 Debussy, Strauss Concerto pour cor. ONL direction Anja Bihimaier.<\/p>\n\n\n\n<p><strong>Mercredi 6 mai \u2013 19h <\/strong>\u2013 Saint Sa\u00ebns Le carnaval des animaux \u2013 Violon et direction Jennifer Gilbert<\/p>\n\n\n\n<p>Vous pouvez choisir l\u2019une ou l\u2019autre des proposition ou les deux. <strong>Impossible de panacher.<\/strong><\/p>\n\n\n\n<div class=\"wp-block-file\"><a id=\"wp-block-file--media-1f1aac2c-7445-409f-a836-6e5bfbb49878\" href=\"https:\/\/ardr.fr\/wp-content\/uploads\/2025\/07\/2025midis-AO-AFTERW-1.docx\">Bulletin Inscrip. midis AO-AFTERW<\/a><a href=\"https:\/\/ardr.fr\/wp-content\/uploads\/2025\/07\/2025midis-AO-AFTERW-1.docx\" class=\"wp-block-file__button wp-element-button\" download aria-describedby=\"wp-block-file--media-1f1aac2c-7445-409f-a836-6e5bfbb49878\">T\u00e9l\u00e9charger<\/a><\/div>\n\n\n\n<p><\/p>\n","protected":false},"excerpt":{"rendered":"<p>AUDITORIUM &#8211; Orchestre National de Lyon Nouvelle saison 2025\/2026 &#8211; Pas moins de 170 concerts \u00e0 d\u00e9couvrir pour une saison r\u00e9solument riche et vari\u00e9e destin\u00e9e &hellip;<\/p>\n","protected":false},"author":1,"featured_media":0,"parent":0,"menu_order":0,"comment_status":"closed","ping_status":"closed","template":"","meta":{"footnotes":""},"class_list":["post-207","page","type-page","status-publish","hentry"],"_links":{"self":[{"href":"https:\/\/ardr.fr\/index.php\/wp-json\/wp\/v2\/pages\/207","targetHints":{"allow":["GET"]}}],"collection":[{"href":"https:\/\/ardr.fr\/index.php\/wp-json\/wp\/v2\/pages"}],"about":[{"href":"https:\/\/ardr.fr\/index.php\/wp-json\/wp\/v2\/types\/page"}],"author":[{"embeddable":true,"href":"https:\/\/ardr.fr\/index.php\/wp-json\/wp\/v2\/users\/1"}],"replies":[{"embeddable":true,"href":"https:\/\/ardr.fr\/index.php\/wp-json\/wp\/v2\/comments?post=207"}],"version-history":[{"count":19,"href":"https:\/\/ardr.fr\/index.php\/wp-json\/wp\/v2\/pages\/207\/revisions"}],"predecessor-version":[{"id":538,"href":"https:\/\/ardr.fr\/index.php\/wp-json\/wp\/v2\/pages\/207\/revisions\/538"}],"wp:attachment":[{"href":"https:\/\/ardr.fr\/index.php\/wp-json\/wp\/v2\/media?parent=207"}],"curies":[{"name":"wp","href":"https:\/\/api.w.org\/{rel}","templated":true}]}}