{"id":205,"date":"2024-06-02T15:54:56","date_gmt":"2024-06-02T13:54:56","guid":{"rendered":"http:\/\/ardr.fr\/?page_id=205"},"modified":"2026-03-21T17:28:12","modified_gmt":"2026-03-21T16:28:12","slug":"partenaires","status":"publish","type":"page","link":"https:\/\/ardr.fr\/index.php\/partenaires\/","title":{"rendered":"Partenaires"},"content":{"rendered":"\n<h2 class=\"wp-block-heading\">Hello CSE<\/h2>\n\n\n\n<p>Cette prestation \u00e0 pris fin \u00e0 compter du 2 janvier 2026<\/p>\n\n\n\n<h2 class=\"wp-block-heading\">Le Pavillon des Fleurs<\/h2>\n\n\n\n<figure class=\"wp-block-image size-large\"><img loading=\"lazy\" decoding=\"async\" width=\"1024\" height=\"618\" src=\"https:\/\/ardr.fr\/wp-content\/uploads\/2024\/04\/Depliant-recto-1024x618.jpg\" alt=\"\" class=\"wp-image-167\" srcset=\"https:\/\/ardr.fr\/wp-content\/uploads\/2024\/04\/Depliant-recto-1024x618.jpg 1024w, https:\/\/ardr.fr\/wp-content\/uploads\/2024\/04\/Depliant-recto-300x181.jpg 300w, https:\/\/ardr.fr\/wp-content\/uploads\/2024\/04\/Depliant-recto-768x464.jpg 768w, https:\/\/ardr.fr\/wp-content\/uploads\/2024\/04\/Depliant-recto-1200x724.jpg 1200w, https:\/\/ardr.fr\/wp-content\/uploads\/2024\/04\/Depliant-recto.jpg 1244w\" sizes=\"auto, (max-width: 1024px) 100vw, 1024px\" \/><\/figure>\n\n\n\n<figure class=\"wp-block-image size-full\"><img loading=\"lazy\" decoding=\"async\" width=\"730\" height=\"443\" src=\"https:\/\/ardr.fr\/wp-content\/uploads\/2024\/04\/Depliant-verso.jpg\" alt=\"\" class=\"wp-image-168\" srcset=\"https:\/\/ardr.fr\/wp-content\/uploads\/2024\/04\/Depliant-verso.jpg 730w, https:\/\/ardr.fr\/wp-content\/uploads\/2024\/04\/Depliant-verso-300x182.jpg 300w\" sizes=\"auto, (max-width: 730px) 100vw, 730px\" \/><\/figure>\n\n\n\n<p>Situ\u00e9 \u00e0 Menthon-Saint-Bernard, le Pavillon des Fleurs propose un service d&rsquo;enregistrement et de d\u00e9part rapides ainsi qu&rsquo;une connexion wifi gratuite. Il propose des chambres familiales et une terrasse.<\/p>\n\n\n\n<p>Vous trouverez toutes les informations concernant cet \u00e9tablissement sur internet.<\/p>\n\n\n\n<h2 class=\"wp-block-heading\">CALICEO<\/h2>\n\n\n\n<p>Centre de bien-\u00eatre avec jacuzzis int\u00e9rieurs\/ext\u00e9rieurs, spa et soins &#8211; Centre de bien-\u00eatre \u00e0 Sainte-Foy-l\u00e8s-Lyon &#8211; Rue Sainte-Barbe<\/p>\n\n\n\n<figure class=\"wp-block-image size-full\"><img loading=\"lazy\" decoding=\"async\" width=\"382\" height=\"510\" src=\"https:\/\/ardr.fr\/wp-content\/uploads\/2024\/04\/Caliceo1.jpg\" alt=\"\" class=\"wp-image-174\" srcset=\"https:\/\/ardr.fr\/wp-content\/uploads\/2024\/04\/Caliceo1.jpg 382w, https:\/\/ardr.fr\/wp-content\/uploads\/2024\/04\/Caliceo1-225x300.jpg 225w\" sizes=\"auto, (max-width: 382px) 100vw, 382px\" \/><\/figure>\n\n\n\n<p><\/p>\n","protected":false},"excerpt":{"rendered":"<p>Hello CSE Cette prestation \u00e0 pris fin \u00e0 compter du 2 janvier 2026 Le Pavillon des Fleurs Situ\u00e9 \u00e0 Menthon-Saint-Bernard, le Pavillon des Fleurs propose &hellip;<\/p>\n","protected":false},"author":1,"featured_media":0,"parent":0,"menu_order":0,"comment_status":"closed","ping_status":"closed","template":"","meta":{"footnotes":""},"class_list":["post-205","page","type-page","status-publish","hentry"],"_links":{"self":[{"href":"https:\/\/ardr.fr\/index.php\/wp-json\/wp\/v2\/pages\/205","targetHints":{"allow":["GET"]}}],"collection":[{"href":"https:\/\/ardr.fr\/index.php\/wp-json\/wp\/v2\/pages"}],"about":[{"href":"https:\/\/ardr.fr\/index.php\/wp-json\/wp\/v2\/types\/page"}],"author":[{"embeddable":true,"href":"https:\/\/ardr.fr\/index.php\/wp-json\/wp\/v2\/users\/1"}],"replies":[{"embeddable":true,"href":"https:\/\/ardr.fr\/index.php\/wp-json\/wp\/v2\/comments?post=205"}],"version-history":[{"count":3,"href":"https:\/\/ardr.fr\/index.php\/wp-json\/wp\/v2\/pages\/205\/revisions"}],"predecessor-version":[{"id":630,"href":"https:\/\/ardr.fr\/index.php\/wp-json\/wp\/v2\/pages\/205\/revisions\/630"}],"wp:attachment":[{"href":"https:\/\/ardr.fr\/index.php\/wp-json\/wp\/v2\/media?parent=205"}],"curies":[{"name":"wp","href":"https:\/\/api.w.org\/{rel}","templated":true}]}}